{"id":17,"date":"2025-07-11T11:56:10","date_gmt":"2025-07-11T11:56:10","guid":{"rendered":"https:\/\/dummy.xtemos.com\/woodmart2\/vinyls-elementor\/?page_id=17"},"modified":"2026-01-21T06:53:46","modified_gmt":"2026-01-21T06:53:46","slug":"despre-noi","status":"publish","type":"page","link":"https:\/\/dancontracting.uk\/ro\/despre-noi\/","title":{"rendered":"Despre noi"},"content":{"rendered":"<div data-elementor-type=\"wp-page\" data-elementor-id=\"17\" class=\"elementor elementor-17\" data-elementor-post-type=\"page\">\n\t\t\t\t<div class=\"wd-negative-gap elementor-element elementor-element-949b80d wd-section-stretch color-scheme-light e-flex e-con-boxed e-con e-parent\" data-id=\"949b80d\" data-element_type=\"container\" data-e-type=\"container\" data-settings=\"{&quot;background_background&quot;:&quot;gradient&quot;}\">\n\t\t\t\t\t<div class=\"e-con-inner\">\n\t\t<div class=\"elementor-element elementor-element-8c48ee9 e-con-full e-flex e-con e-child\" data-id=\"8c48ee9\" data-element_type=\"container\" data-e-type=\"container\">\n\t\t\t\t<div class=\"elementor-element elementor-element-7a02f9e wd-width-100 elementor-widget elementor-widget-wd_title\" data-id=\"7a02f9e\" data-element_type=\"widget\" data-e-type=\"widget\" data-widget_type=\"wd_title.default\">\n\t\t\t\t<div class=\"elementor-widget-container\">\n\t\t\t\t\t\t\t<div class=\"title-wrapper wd-set-mb reset-last-child wd-title-color-primary wd-title-style-default wd-title-size-default text-left\">\n\n\t\t\t\t\t\t\t\t\t\t\t<div class=\"title-subtitle subtitle-color-primary subtitle-style-background wd-fontsize-xs\">\n\t\t\t\t\tDESPRE NOI\t\t\t\t<\/div>\n\t\t\t\n\t\t\t<div class=\"liner-continer\">\n\t\t\t\t<h4 class=\"woodmart-title-container title wd-fontsize-l\">Bine a\u021bi venit la DanContracting!<\/h4> \n\t\t\t\t\t\t\t<\/div>\n\n\t\t\t\t\t<\/div>\n\t\t\t\t\t\t<\/div>\n\t\t\t\t<\/div>\n\t\t\t\t<div class=\"elementor-element elementor-element-ab94378 elementor-widget elementor-widget-wd_text_block\" data-id=\"ab94378\" data-element_type=\"widget\" data-e-type=\"widget\" data-widget_type=\"wd_text_block.default\">\n\t\t\t\t<div class=\"elementor-widget-container\">\n\t\t\t\t\t\t\t<div class=\"wd-text-block reset-last-child text-left\">\n\t\t\t\n\t\t\t<p>Partenerul dumneavoastr\u0103 de \u00eencredere \u00een furnizarea de solu\u021bii financiare \u0219i de afaceri complete. Cu o experien\u021b\u0103 dovedit\u0103, ne specializ\u0103m \u00eentr-o gam\u0103 larg\u0103 de servicii, inclusiv <strong>Consultan\u021b\u0103 fiscal\u0103,\u00a0<\/strong><b>Declara\u021bii fiscale<\/b><strong>, Contabilitate, asisten\u021b\u0103 CSCS \u0219i \u00eendrumare NVQ.<\/strong><\/p>\n\t\t\t\t\t<\/div>\n\t\t\t\t\t\t<\/div>\n\t\t\t\t<\/div>\n\t\t\t\t<\/div>\n\t\t<div class=\"elementor-element elementor-element-b78cc35 e-con-full e-flex e-con e-child\" data-id=\"b78cc35\" data-element_type=\"container\" data-e-type=\"container\">\n\t\t<div class=\"elementor-element elementor-element-42a6e36 e-con-full e-flex e-con e-child\" data-id=\"42a6e36\" data-element_type=\"container\" data-e-type=\"container\">\n\t\t\t\t<div class=\"elementor-element elementor-element-597392e wd-width-100 elementor-widget elementor-widget-wd_video\" data-id=\"597392e\" data-element_type=\"widget\" data-e-type=\"widget\" data-widget_type=\"wd_video.default\">\n\t\t\t\t<div class=\"elementor-widget-container\">\n\t\t\t\t\t\n\t\t<div class=\"wd-el-video wd-action-without wd-video-hosted\">\n\t\t\t\t\t\t\t<video src=\"https:\/\/dancontracting.uk\/wp-content\/uploads\/2025\/10\/dancontracting_video.mp4\" playsinline loop muted autoplay><\/video>\t\t\t\n\t\t\t\n\t\t\t\n\t\t\t\t\t<\/div>\n\t\t\t\t\t\t<\/div>\n\t\t\t\t<\/div>\n\t\t\t\t<\/div>\n\t\t<div class=\"elementor-element elementor-element-939eb46 e-con-full e-flex e-con e-child\" data-id=\"939eb46\" data-element_type=\"container\" data-e-type=\"container\">\n\t\t\t\t<div class=\"elementor-element elementor-element-464a860 elementor-widget elementor-widget-wd_image_or_svg\" data-id=\"464a860\" data-element_type=\"widget\" data-e-type=\"widget\" data-widget_type=\"wd_image_or_svg.default\">\n\t\t\t\t<div class=\"elementor-widget-container\">\n\t\t\t\t\t\n\t\t<div class=\"wd-image text-center\">\n\t\t\t\t\t\t\t\t<img loading=\"lazy\" decoding=\"async\" width=\"405\" height=\"600\" src=\"https:\/\/dancontracting.uk\/wp-content\/uploads\/2025\/10\/about-us-img1.jpg?wsr\" class=\"attachment-full size-full\" alt=\"\" srcset=\"https:\/\/dancontracting.uk\/wp-content\/uploads\/2025\/10\/about-us-img1.jpg 405w, https:\/\/dancontracting.uk\/wp-content\/uploads\/2025\/10\/about-us-img1-150x222.jpg 150w, https:\/\/dancontracting.uk\/wp-content\/uploads\/2025\/10\/about-us-img1-203x300.jpg 203w\" sizes=\"auto, (max-width: 405px) 100vw, 405px\" \/>\t\t\t\t\t<\/div>\n\n\t\t\t\t\t\t<\/div>\n\t\t\t\t<\/div>\n\t\t\t\t<\/div>\n\t\t\t\t<\/div>\n\t\t\t\t\t<\/div>\n\t\t\t\t<\/div>\n\t\t<div class=\"wd-negative-gap elementor-element elementor-element-7d9d8c2 e-flex e-con-boxed e-con e-parent\" data-id=\"7d9d8c2\" data-element_type=\"container\" data-e-type=\"container\">\n\t\t\t\t\t<div class=\"e-con-inner\">\n\t\t<div class=\"elementor-element elementor-element-06151e1 e-con-full elementor-hidden-tablet elementor-hidden-mobile e-flex e-con e-child\" data-id=\"06151e1\" data-element_type=\"container\" data-e-type=\"container\">\n\t\t\t\t<div class=\"elementor-element elementor-element-08b5bd2 elementor-widget elementor-widget-wd_image_or_svg\" data-id=\"08b5bd2\" data-element_type=\"widget\" data-e-type=\"widget\" data-widget_type=\"wd_image_or_svg.default\">\n\t\t\t\t<div class=\"elementor-widget-container\">\n\t\t\t\t\t\n\t\t<div class=\"wd-image text-left\">\n\t\t\t\t\t\t\t\t<img loading=\"lazy\" decoding=\"async\" width=\"850\" height=\"1080\" src=\"https:\/\/dancontracting.uk\/wp-content\/uploads\/2025\/10\/about-us-img2.png?wsr\" class=\"attachment-full size-full\" alt=\"\" srcset=\"https:\/\/dancontracting.uk\/wp-content\/uploads\/2025\/10\/about-us-img2.png 850w, https:\/\/dancontracting.uk\/wp-content\/uploads\/2025\/10\/about-us-img2-430x546.png 430w, https:\/\/dancontracting.uk\/wp-content\/uploads\/2025\/10\/about-us-img2-150x191.png 150w, https:\/\/dancontracting.uk\/wp-content\/uploads\/2025\/10\/about-us-img2-700x889.png 700w, https:\/\/dancontracting.uk\/wp-content\/uploads\/2025\/10\/about-us-img2-236x300.png 236w, https:\/\/dancontracting.uk\/wp-content\/uploads\/2025\/10\/about-us-img2-630x800.png 630w, https:\/\/dancontracting.uk\/wp-content\/uploads\/2025\/10\/about-us-img2-768x976.png 768w\" sizes=\"auto, (max-width: 850px) 100vw, 850px\" \/>\t\t\t\t\t<\/div>\n\n\t\t\t\t\t\t<\/div>\n\t\t\t\t<\/div>\n\t\t\t\t<\/div>\n\t\t<div class=\"elementor-element elementor-element-9d7dcfc e-con-full e-flex e-con e-child\" data-id=\"9d7dcfc\" data-element_type=\"container\" data-e-type=\"container\">\n\t\t\t\t<div class=\"elementor-element elementor-element-0748a8d wd-width-100 elementor-widget elementor-widget-wd_title\" data-id=\"0748a8d\" data-element_type=\"widget\" data-e-type=\"widget\" data-widget_type=\"wd_title.default\">\n\t\t\t\t<div class=\"elementor-widget-container\">\n\t\t\t\t\t\t\t<div class=\"title-wrapper wd-set-mb reset-last-child wd-title-color-primary wd-title-style-default wd-title-size-default text-left\">\n\n\t\t\t\t\t\t\t\t\t\t\t<div class=\"title-subtitle subtitle-color-primary subtitle-style-background wd-fontsize-xs\">\n\t\t\t\t\tPARTENERUL T\u0102U DE \u00ceNCREDERE\t\t\t\t<\/div>\n\t\t\t\n\t\t\t<div class=\"liner-continer\">\n\t\t\t\t<h4 class=\"woodmart-title-container title wd-fontsize-l\">De ce s\u0103 ne alegi?<\/h4> \n\t\t\t\t\t\t\t<\/div>\n\n\t\t\t\t\t<\/div>\n\t\t\t\t\t\t<\/div>\n\t\t\t\t<\/div>\n\t\t\t\t<div class=\"elementor-element elementor-element-7377825 elementor-widget elementor-widget-wd_text_block\" data-id=\"7377825\" data-element_type=\"widget\" data-e-type=\"widget\" data-widget_type=\"wd_text_block.default\">\n\t\t\t\t<div class=\"elementor-widget-container\">\n\t\t\t\t\t\t\t<div class=\"wd-text-block reset-last-child text-left\">\n\t\t\t\n\t\t\t<p data-start=\"425\" data-end=\"725\">Compania noastr\u0103 este construit\u0103 pe o funda\u021bie solid\u0103 de <strong data-start=\"472\" data-end=\"513\">expertiz\u0103, profesionalism \u0219i \u00eencredere<\/strong>. Cu ani de experien\u021b\u0103 \u00een domeniu, ne m\u00e2ndrim cu faptul c\u0103 oferim solu\u021bii complete financiare, de afaceri \u0219i de training, concepute pentru a sprijini at\u00e2t persoanele fizice, c\u00e2t \u0219i organiza\u021biile din Regatul Unit.<\/p><p data-start=\"727\" data-end=\"967\">\u00cen\u021belegem c\u0103 navigarea \u00een lumea complex\u0103 a <strong data-start=\"778\" data-end=\"825\">taxe, reglement\u0103ri \u0219i conformitate comercial\u0103<\/strong> poate fi adesea o provocare. De aceea, misiunea noastr\u0103 este de a simplifica procesul - oferind \u00eendrum\u0103ri clare, sfaturi de specialitate \u0219i rezultate fiabile.<\/p><p data-start=\"969\" data-end=\"1344\">Echipa noastr\u0103 dedicat\u0103 de speciali\u0219ti califica\u021bi lucreaz\u0103 \u00eendeaproape cu fiecare client pentru a livra <strong data-start=\"1056\" data-end=\"1079\">strategii personalizate<\/strong> care asigur\u0103 acurate\u021bea, transparen\u021ba \u0219i succesul pe termen lung. De la <strong data-start=\"1144\" data-end=\"1201\">consultan\u021b\u0103 fiscal\u0103, contabilitate \u0219i dezvoltare de afaceri<\/strong>, c\u0103tre <strong data-start=\"1206\" data-end=\"1244\">Suport pentru certificare CSCS \u0219i NVQ<\/strong> \u00cen sectorul construc\u021biilor, combin\u0103m expertiza tehnic\u0103 cu un angajament autentic fa\u021b\u0103 de excelen\u021b\u0103.<\/p><p data-start=\"1346\" data-end=\"1581\">La <strong data-start=\"1349\" data-end=\"1372\">Dan Contracting Ltd<\/strong>, nu oferim doar servicii - construim parteneriate de durat\u0103. Scopul nostru este de a le oferi clien\u021bilor no\u0219tri cuno\u0219tin\u021bele, instrumentele \u0219i \u00eencrederea de care au nevoie pentru a-\u0219i atinge ambi\u021biile profesionale \u0219i financiare.<\/p>\n\t\t\t\t\t<\/div>\n\t\t\t\t\t\t<\/div>\n\t\t\t\t<\/div>\n\t\t\t\t<\/div>\n\t\t\t\t\t<\/div>\n\t\t\t\t<\/div>\n\t\t<div class=\"wd-negative-gap elementor-element elementor-element-7550f16 e-flex e-con-boxed e-con e-parent\" data-id=\"7550f16\" data-element_type=\"container\" data-e-type=\"container\">\n\t\t\t\t\t<div class=\"e-con-inner\">\n\t\t\t\t<div class=\"elementor-element elementor-element-100284f elementor-widget elementor-widget-wd_text_block\" data-id=\"100284f\" data-element_type=\"widget\" data-e-type=\"widget\" data-widget_type=\"wd_text_block.default\">\n\t\t\t\t<div class=\"elementor-widget-container\">\n\t\t\t\t\t\t\t<div class=\"wd-text-block reset-last-child text-left\">\n\t\t\t\n\t\t\t<p><b>Suport CSCS:<\/b><br \/>\u00cen industria construc\u021biilor \u00een continu\u0103 evolu\u021bie, de\u021binerea resurselor adecvate <b>CSCS (Schema de certificare a competen\u021belor \u00een construc\u021bii)<\/b> Acredit\u0103rile sunt cruciale. Exper\u021bii no\u0219tri asist\u0103 persoanele fizice \u0219i companiile \u00een procesul de certificare, asigur\u00e2nd conformitatea cu standardele \u0219i reglement\u0103rile din industrie. Suntem aici pentru a v\u0103 ajuta s\u0103 ob\u021bine\u021bi certific\u0103rile de care ave\u021bi nevoie pentru a prospera \u00een sectorul construc\u021biilor.<\/p><p><b>\u00cendrum\u0103ri NVQ:<\/b><br \/>Investi\u021bii \u00een dezvoltare profesional\u0103 prin <b>Calific\u0103ri Profesionale Na\u021bionale (NVQ-uri)<\/b> v\u0103 poate \u00eembun\u0103t\u0103\u021bi abilit\u0103\u021bile \u0219i perspectivele de carier\u0103. Echipa noastr\u0103 v\u0103 ghideaz\u0103 prin procesul de ob\u021binere a calific\u0103rii NVQ, ajut\u00e2ndu-v\u0103 s\u0103 alege\u021bi calific\u0103rile potrivite \u0219i asist\u00e2nd la fiecare pas.<\/p><p>La <b>DAN CONTRACTING LTD<\/b>, credem c\u0103 succesul se construie\u0219te pe o funda\u021bie solid\u0103 de cuno\u0219tin\u021be, expertiz\u0103 \u0219i servicii personalizate. Ne dedic\u0103m furniz\u0103rii de solu\u021bii excep\u021bionale care s\u0103 r\u0103spund\u0103 nevoilor unice ale fiec\u0103rui client pe care \u00eel deservim. Cu un angajament fa\u021b\u0103 de excelen\u021b\u0103 \u0219i o pasiune pentru promovarea cre\u0219terii financiare, suntem m\u00e2ndri s\u0103 fim partenerul dumneavoastr\u0103 \u00een realizarea aspira\u021biilor dumneavoastr\u0103 financiare.<\/p><p>Contacta\u021bi-ne ast\u0103zi pentru a afla mai multe despre cum <b>DAN CONTRACTING LTD<\/b> poate avea un impact pozitiv asupra parcursului t\u0103u financiar. <br \/><strong>Succesul dumneavoastr\u0103 este prioritatea noastr\u0103!<\/strong><\/p>\n\t\t\t\t\t<\/div>\n\t\t\t\t\t\t<\/div>\n\t\t\t\t<\/div>\n\t\t\t\t\t<\/div>\n\t\t\t\t<\/div>\n\t\t<div class=\"wd-negative-gap elementor-element elementor-element-2272a6f wd-section-stretch-content e-flex e-con-boxed e-con e-parent\" data-id=\"2272a6f\" data-element_type=\"container\" data-e-type=\"container\" data-settings=\"{&quot;background_background&quot;:&quot;classic&quot;}\">\n\t\t\t\t\t<div class=\"e-con-inner\">\n\t\t\t\t<div class=\"elementor-element elementor-element-09f305a elementor-widget elementor-widget-wd_marquee\" data-id=\"09f305a\" data-element_type=\"widget\" data-e-type=\"widget\" data-widget_type=\"wd_marquee.default\">\n\t\t\t\t<div class=\"elementor-widget-container\">\n\t\t\t\t\t\t\t<div class=\"wd-marquee\">\n\t\t\t<div class=\"wd-marquee-content\">\n\t\t\t\t\t\t\t<span class=\"wd-marquee-item\">\n\t\t\t\t\n\t\t\t\t\t\t\t\t\tGhidare de specialitate!\t\t\t\t\n\t\t\t\t\t\t\t<\/span>\n\t\t\t\t\t\t<span class=\"wd-marquee-item\">\n\t\t\t\t<img decoding=\"async\"  src=\"https:\/\/dancontracting.uk\/wp-content\/uploads\/2025\/07\/hb-vector-star-black.svg?wsr\" title=\"hb-vector-star-black\" loading=\"lazy\" width=\"32\" height=\"32\">\n\t\t\t\t\n\t\t\t\t\t\t\t<\/span>\n\t\t\t\t\t\t<span class=\"wd-marquee-item\">\n\t\t\t\t\n\t\t\t\t\t\t\t\t\tCursuri acreditate!\t\t\t\t\n\t\t\t\t\t\t\t<\/span>\n\t\t\t\t\t\t<span class=\"wd-marquee-item\">\n\t\t\t\t<img decoding=\"async\"  src=\"https:\/\/dancontracting.uk\/wp-content\/uploads\/2025\/07\/hb-vector-star-black.svg?wsr\" title=\"hb-vector-star-black\" loading=\"lazy\" width=\"32\" height=\"32\">\n\t\t\t\t\n\t\t\t\t\t\t\t<\/span>\n\t\t\t\t\t\t<span class=\"wd-marquee-item\">\n\t\t\t\t\n\t\t\t\t\t\t\t\t\tCalific\u0103ri reale!\t\t\t\t\n\t\t\t\t\t\t\t<\/span>\n\t\t\t\t\t\t<span class=\"wd-marquee-item\">\n\t\t\t\t<img decoding=\"async\"  src=\"https:\/\/dancontracting.uk\/wp-content\/uploads\/2025\/07\/hb-vector-star-black.svg?wsr\" title=\"hb-vector-star-black\" loading=\"lazy\" width=\"32\" height=\"32\">\n\t\t\t\t\n\t\t\t\t\t\t\t<\/span>\n\t\t\t\t\t\t<\/div>\n\t\t\t<div class=\"wd-marquee-content\">\n\t\t\t\t\t\t\t<span class=\"wd-marquee-item\">\n\t\t\t\t\n\t\t\t\t\t\t\t\t\tGhidare de specialitate!\t\t\t\t\n\t\t\t\t\t\t\t<\/span>\n\t\t\t\t\t\t<span class=\"wd-marquee-item\">\n\t\t\t\t<img decoding=\"async\"  src=\"https:\/\/dancontracting.uk\/wp-content\/uploads\/2025\/07\/hb-vector-star-black.svg?wsr\" title=\"hb-vector-star-black\" loading=\"lazy\" width=\"32\" height=\"32\">\n\t\t\t\t\n\t\t\t\t\t\t\t<\/span>\n\t\t\t\t\t\t<span class=\"wd-marquee-item\">\n\t\t\t\t\n\t\t\t\t\t\t\t\t\tCursuri acreditate!\t\t\t\t\n\t\t\t\t\t\t\t<\/span>\n\t\t\t\t\t\t<span class=\"wd-marquee-item\">\n\t\t\t\t<img decoding=\"async\"  src=\"https:\/\/dancontracting.uk\/wp-content\/uploads\/2025\/07\/hb-vector-star-black.svg?wsr\" title=\"hb-vector-star-black\" loading=\"lazy\" width=\"32\" height=\"32\">\n\t\t\t\t\n\t\t\t\t\t\t\t<\/span>\n\t\t\t\t\t\t<span class=\"wd-marquee-item\">\n\t\t\t\t\n\t\t\t\t\t\t\t\t\tCalific\u0103ri reale!\t\t\t\t\n\t\t\t\t\t\t\t<\/span>\n\t\t\t\t\t\t<span class=\"wd-marquee-item\">\n\t\t\t\t<img decoding=\"async\"  src=\"https:\/\/dancontracting.uk\/wp-content\/uploads\/2025\/07\/hb-vector-star-black.svg?wsr\" title=\"hb-vector-star-black\" loading=\"lazy\" width=\"32\" height=\"32\">\n\t\t\t\t\n\t\t\t\t\t\t\t<\/span>\n\t\t\t\t\t\t<\/div>\n\t\t<\/div>\n\t\t\t\t\t\t<\/div>\n\t\t\t\t<\/div>\n\t\t\t\t\t<\/div>\n\t\t\t\t<\/div>\n\t\t<div class=\"wd-negative-gap elementor-element elementor-element-590a343 elementor-hidden-desktop elementor-hidden-tablet elementor-hidden-mobile e-flex e-con-boxed e-con e-parent\" data-id=\"590a343\" data-element_type=\"container\" data-e-type=\"container\">\n\t\t\t\t\t<div class=\"e-con-inner\">\n\t\t\t\t<div class=\"elementor-element elementor-element-d84116f wd-width-100 elementor-widget elementor-widget-wd_images_gallery\" data-id=\"d84116f\" data-element_type=\"widget\" data-e-type=\"widget\" data-widget_type=\"wd_images_gallery.default\">\n\t\t\t\t<div class=\"elementor-widget-container\">\n\t\t\t\t\t\t\t<div class=\"wd-images-gallery\" style=\"--wd-align-items:center; --wd-justify-content:center;\">\n\t\t\t\t\t\t<div class=\"wd-grid-g\" style=\"--wd-col-lg:4;--wd-col-md:4;--wd-col-sm:2;--wd-gap-lg:30px;--wd-gap-sm:10px;\" >\n\t\t\t\t\t\t\t\t\t\t\t\t\t\t\t\t\t\t\t\t\t\t\t\t\t\t\t\t\t\t\t\t\t\t\t\t<\/div>\n\t\t\t\t\t<\/div>\n\t\t\t\t\t\t<\/div>\n\t\t\t\t<\/div>\n\t\t\t\t\t<\/div>\n\t\t\t\t<\/div>\n\t\t\t\t<\/div>","protected":false},"excerpt":{"rendered":"<p>ABOUT US Welcome to DanContracting! Your trusted partner in providing comprehensive financial and business solutions. With a proven track record,<\/p>","protected":false},"author":1,"featured_media":0,"parent":0,"menu_order":0,"comment_status":"closed","ping_status":"closed","template":"","meta":{"footnotes":""},"class_list":["post-17","page","type-page","status-publish","hentry"],"_links":{"self":[{"href":"https:\/\/dancontracting.uk\/ro\/wp-json\/wp\/v2\/pages\/17","targetHints":{"allow":["GET"]}}],"collection":[{"href":"https:\/\/dancontracting.uk\/ro\/wp-json\/wp\/v2\/pages"}],"about":[{"href":"https:\/\/dancontracting.uk\/ro\/wp-json\/wp\/v2\/types\/page"}],"author":[{"embeddable":true,"href":"https:\/\/dancontracting.uk\/ro\/wp-json\/wp\/v2\/users\/1"}],"replies":[{"embeddable":true,"href":"https:\/\/dancontracting.uk\/ro\/wp-json\/wp\/v2\/comments?post=17"}],"version-history":[{"count":99,"href":"https:\/\/dancontracting.uk\/ro\/wp-json\/wp\/v2\/pages\/17\/revisions"}],"predecessor-version":[{"id":2607,"href":"https:\/\/dancontracting.uk\/ro\/wp-json\/wp\/v2\/pages\/17\/revisions\/2607"}],"wp:attachment":[{"href":"https:\/\/dancontracting.uk\/ro\/wp-json\/wp\/v2\/media?parent=17"}],"curies":[{"name":"wp","href":"https:\/\/api.w.org\/{rel}","templated":true}]}}