{"id":2803,"date":"2026-04-30T11:16:33","date_gmt":"2026-04-30T10:16:33","guid":{"rendered":"https:\/\/dancontracting.uk\/?page_id=2803"},"modified":"2026-04-30T12:37:53","modified_gmt":"2026-04-30T11:37:53","slug":"pachet-complet-carte-verde-cscs","status":"publish","type":"page","link":"https:\/\/dancontracting.uk\/ro\/pachet-complet-carte-verde-cscs\/","title":{"rendered":"CSCS Green Card (Complete Package)"},"content":{"rendered":"<div data-elementor-type=\"wp-page\" data-elementor-id=\"2803\" class=\"elementor elementor-2803\" data-elementor-post-type=\"page\">\n\t\t\t\t<div class=\"wd-negative-gap elementor-element elementor-element-3f1678d e-flex e-con-boxed e-con e-parent\" data-id=\"3f1678d\" data-element_type=\"container\" data-e-type=\"container\">\n\t\t\t\t\t<div class=\"e-con-inner\">\n\t\t\t\t<div class=\"elementor-element elementor-element-55399e8 wd-width-100 elementor-widget elementor-widget-wd_title\" data-id=\"55399e8\" data-element_type=\"widget\" data-e-type=\"widget\" data-widget_type=\"wd_title.default\">\n\t\t\t\t<div class=\"elementor-widget-container\">\n\t\t\t\t\t\t\t<div class=\"title-wrapper wd-set-mb reset-last-child wd-title-color-default wd-title-style-default wd-title-size-default text-center\">\n\n\t\t\t\t\t\t\t\t\t\t\t<div class=\"title-subtitle subtitle-color-default subtitle-style-default wd-fontsize-xs\">\n\t\t\t\t\tPachet complet\t\t\t\t<\/div>\n\t\t\t\n\t\t\t<div class=\"liner-continer\">\n\t\t\t\t<h3 class=\"woodmart-title-container title wd-fontsize-l\">Card verde CSCS<\/h3> \n\t\t\t\t\t\t\t<\/div>\n\n\t\t\t\t\t<\/div>\n\t\t\t\t\t\t<\/div>\n\t\t\t\t<\/div>\n\t\t\t\t\t<\/div>\n\t\t\t\t<\/div>\n\t\t<div class=\"wd-negative-gap elementor-element elementor-element-6952649 e-flex e-con-boxed e-con e-parent\" data-id=\"6952649\" data-element_type=\"container\" data-e-type=\"container\">\n\t\t\t\t\t<div class=\"e-con-inner\">\n\t\t<div class=\"elementor-element elementor-element-e93a243 e-con-full e-flex e-con e-child\" data-id=\"e93a243\" data-element_type=\"container\" data-e-type=\"container\">\n\t\t\t\t<div class=\"elementor-element elementor-element-5735db6 elementor-widget elementor-widget-wd_text_block\" data-id=\"5735db6\" data-element_type=\"widget\" data-e-type=\"widget\" data-widget_type=\"wd_text_block.default\">\n\t\t\t\t<div class=\"elementor-widget-container\">\n\t\t\t\t\t\t\t<div class=\"wd-text-block reset-last-child text-left\">\n\t\t\t\n\t\t\t<p>Acest <strong>Card verde CSCS<\/strong> este primul pas pentru a \u00eencepe o carier\u0103 \u00een construc\u021bii \u00een Regatul Unit. Dovede\u0219te c\u0103 ave\u021bi cuno\u0219tin\u021bele esen\u021biale despre <strong>S\u0103n\u0103tate \u0219i siguran\u021b\u0103<\/strong> \u0219i v\u0103 permite s\u0103 lucra\u021bi legal pe majoritatea \u0219antierelor de construc\u021bii.<\/p><p>Acest pachet complet este conceput pentru a face \u00eentregul proces simplu \u0219i rapid \u2014 de la instruire p\u00e2n\u0103 la ob\u021binerea cardului, totul este gestionat pentru tine \u00eentr-o singur\u0103 zi.<\/p><p><strong>\u2714\ufe0f Ce este inclus:<\/strong><\/p><ul><li><strong>Curs de Nivel 1 (Abilit\u0103\u021bi de Construc\u021bii)<\/strong><\/li><li><strong>Test de s\u0103n\u0103tate \u0219i siguran\u021b\u0103<\/strong> <em>(se sus\u021bine \u00een aceea\u0219i zi cu cursul)<\/em><\/li><li><strong>Rezultatul testului \u00een aceea\u0219i zi<\/strong><\/li><li><strong>Certificat + Card CSCS livrate \u00een termen de 5\u20137 zile.<\/strong><\/li><\/ul>\n\t\t\t\t\t<\/div>\n\t\t\t\t\t\t<\/div>\n\t\t\t\t<\/div>\n\t\t\t\t<\/div>\n\t\t<div class=\"elementor-element elementor-element-e08902d e-con-full e-flex e-con e-child\" data-id=\"e08902d\" data-element_type=\"container\" data-e-type=\"container\">\n\t\t\t\t<div class=\"elementor-element elementor-element-fa509d9 elementor-widget elementor-widget-image\" data-id=\"fa509d9\" data-element_type=\"widget\" data-e-type=\"widget\" data-widget_type=\"image.default\">\n\t\t\t\t\t\t\t\t\t\t\t\t\t\t\t<img loading=\"lazy\" decoding=\"async\" width=\"1235\" height=\"800\" src=\"https:\/\/dancontracting.uk\/wp-content\/uploads\/2025\/10\/green-card-1235x800.jpg\" class=\"attachment-large size-large wp-image-1467\" alt=\"\" srcset=\"https:\/\/dancontracting.uk\/wp-content\/uploads\/2025\/10\/green-card-1235x800.jpg 1235w, https:\/\/dancontracting.uk\/wp-content\/uploads\/2025\/10\/green-card-430x279.jpg 430w, https:\/\/dancontracting.uk\/wp-content\/uploads\/2025\/10\/green-card-150x97.jpg 150w, https:\/\/dancontracting.uk\/wp-content\/uploads\/2025\/10\/green-card-700x454.jpg 700w, https:\/\/dancontracting.uk\/wp-content\/uploads\/2025\/10\/green-card-400x259.jpg 400w, https:\/\/dancontracting.uk\/wp-content\/uploads\/2025\/10\/green-card-768x498.jpg 768w, https:\/\/dancontracting.uk\/wp-content\/uploads\/2025\/10\/green-card-1536x995.jpg 1536w, https:\/\/dancontracting.uk\/wp-content\/uploads\/2025\/10\/green-card-250x162.jpg 250w, https:\/\/dancontracting.uk\/wp-content\/uploads\/2025\/10\/green-card-300x194.jpg 300w, https:\/\/dancontracting.uk\/wp-content\/uploads\/2025\/10\/green-card.jpg 1980w\" sizes=\"auto, (max-width: 1235px) 100vw, 1235px\" \/>\t\t\t\t\t\t\t\t\t\t\t\t\t\t\t<\/div>\n\t\t\t\t<\/div>\n\t\t\t\t\t<\/div>\n\t\t\t\t<\/div>\n\t\t<div class=\"wd-negative-gap elementor-element elementor-element-5d9b586 e-flex e-con-boxed e-con e-parent\" data-id=\"5d9b586\" data-element_type=\"container\" data-e-type=\"container\">\n\t\t\t\t\t<div class=\"e-con-inner\">\n\t\t<div class=\"elementor-element elementor-element-1aab9a9 e-con-full e-flex e-con e-child\" data-id=\"1aab9a9\" data-element_type=\"container\" data-e-type=\"container\">\n\t\t\t\t<div class=\"elementor-element elementor-element-8f2a906 elementor-widget elementor-widget-wd_text_block\" data-id=\"8f2a906\" data-element_type=\"widget\" data-e-type=\"widget\" data-widget_type=\"wd_text_block.default\">\n\t\t\t\t<div class=\"elementor-widget-container\">\n\t\t\t\t\t\t\t<div class=\"wd-text-block reset-last-child text-left\">\n\t\t\t\n\t\t\t<p><strong>\u23f1\ufe0f Durat\u0103:<\/strong><\/p><ul><li>Totul este finalizat \u00een <strong>\u00eentr-o zi<\/strong><\/li><li>Programa: <strong>08:00 \u2013 16:00<\/strong> <em>(aproximativ c\u00e2teva ore de antrenament + test)<\/em><\/li><\/ul><p><strong>\ud83d\udce6 Dup\u0103 finalizare:<\/strong><\/p><ul><li>Vei primi <strong>certificat \u0219i card CSCS \u00een termen de 5\u20137 zile<\/strong><\/li><\/ul><p><strong>\ud83d\udd25 Avantaj:<\/strong><\/p><p>Totul este organizat \u00eentr-o singur\u0103 zi \u2013 <strong>rapid, simplu \u0219i eficient<\/strong>.<\/p>\n\t\t\t\t\t<\/div>\n\t\t\t\t\t\t<\/div>\n\t\t\t\t<\/div>\n\t\t\t\t<div class=\"elementor-element elementor-element-7084f43 elementor-widget elementor-widget-wd_text_block\" data-id=\"7084f43\" data-element_type=\"widget\" data-e-type=\"widget\" data-widget_type=\"wd_text_block.default\">\n\t\t\t\t<div class=\"elementor-widget-container\">\n\t\t\t\t\t\t\t<div class=\"wd-text-block reset-last-child text-left\">\n\t\t\t\n\t\t\t<h5>E\u0219ti gata s\u0103-\u021bi \u00eencepi cariera \u00een construc\u021bii?<br data-start=\"246\" data-end=\"249\" \/>Ob\u021bine\u021bi-v\u0103 Cardul Verde CSCS rapid \u0219i f\u0103r\u0103 probleme. Ne ocup\u0103m de tot pentru dumneavoastr\u0103 \u2014 de la instruire la certificare \u2014 totul \u00eentr-o singur\u0103 zi.<\/h5>\n\t\t\t\t\t<\/div>\n\t\t\t\t\t\t<\/div>\n\t\t\t\t<\/div>\n\t\t\t\t<div class=\"elementor-element elementor-element-e968d02 elementor-invisible elementor-widget elementor-widget-wd_button\" data-id=\"e968d02\" data-element_type=\"widget\" data-e-type=\"widget\" data-settings=\"{&quot;_animation&quot;:&quot;zoomIn&quot;,&quot;_animation_delay&quot;:100}\" data-widget_type=\"wd_button.default\">\n\t\t\t\t<div class=\"elementor-widget-container\">\n\t\t\t\t\t\t\t<div class=\"wd-button-wrapper text-left\" >\n\t\t\t<a class=\"btn btn-style-default btn-shape-rectangle btn-size-extra-large btn-color-primary btn-full-width btn-icon-pos-left\"  href=\"https:\/\/dancontracting.uk\/ro\/cursuri-cscs-nvq-in-londra-birmingham-manchester-northampton-rezerva-acum-si-obtine-certificarea\/\">\n\t\t\t\t<span class=\"wd-btn-text\" data-elementor-setting-key=\"text\">\n\t\t\t\t\tAplic\u0103 acum \u0219i rezerv\u0103-\u021bi locul\t\t\t\t<\/span>\n\n\t\t\t\t\t\t\t\t\t<span class=\"wd-btn-icon\">\n\t\t\t\t\t\t<svg class=\"wd-icon e-font-icon-svg e-far-check-circle\" viewbox=\"0 0 512 512\" xmlns=\"http:\/\/www.w3.org\/2000\/svg\"><path d=\"M256 8C119.033 8 8 119.033 8 256s111.033 248 248 248 248-111.033 248-248S392.967 8 256 8zm0 48c110.532 0 200 89.451 200 200 0 110.532-89.451 200-200 200-110.532 0-200-89.451-200-200 0-110.532 89.451-200 200-200m140.204 130.267l-22.536-22.718c-4.667-4.705-12.265-4.736-16.97-.068L215.346 303.697l-59.792-60.277c-4.667-4.705-12.265-4.736-16.97-.069l-22.719 22.536c-4.705 4.667-4.736 12.265-.068 16.971l90.781 91.516c4.667 4.705 12.265 4.736 16.97.068l172.589-171.204c4.704-4.668 4.734-12.266.067-16.971z\"><\/path><\/svg>\t\t\t\t\t<\/span>\n\t\t\t\t\t\t\t<\/a>\n\t\t<\/div>\n\t\t\t\t\t\t<\/div>\n\t\t\t\t<\/div>\n\t\t\t\t<\/div>\n\t\t<div class=\"elementor-element elementor-element-bc5b752 e-con-full e-flex e-con e-child\" data-id=\"bc5b752\" data-element_type=\"container\" data-e-type=\"container\">\n\t\t\t\t<div class=\"elementor-element elementor-element-4c701db elementor-widget elementor-widget-image\" data-id=\"4c701db\" data-element_type=\"widget\" data-e-type=\"widget\" data-widget_type=\"image.default\">\n\t\t\t\t\t\t\t\t\t\t\t\t\t\t\t<img loading=\"lazy\" decoding=\"async\" width=\"564\" height=\"800\" src=\"https:\/\/dancontracting.uk\/wp-content\/uploads\/2026\/04\/gqa-certificate-lvl1-564x800.jpg\" class=\"attachment-large size-large wp-image-2833\" alt=\"\" srcset=\"https:\/\/dancontracting.uk\/wp-content\/uploads\/2026\/04\/gqa-certificate-lvl1-564x800.jpg 564w, https:\/\/dancontracting.uk\/wp-content\/uploads\/2026\/04\/gqa-certificate-lvl1-212x300.jpg 212w, https:\/\/dancontracting.uk\/wp-content\/uploads\/2026\/04\/gqa-certificate-lvl1-768x1089.jpg 768w, https:\/\/dancontracting.uk\/wp-content\/uploads\/2026\/04\/gqa-certificate-lvl1-1084x1536.jpg 1084w, https:\/\/dancontracting.uk\/wp-content\/uploads\/2026\/04\/gqa-certificate-lvl1-8x12.jpg 8w, https:\/\/dancontracting.uk\/wp-content\/uploads\/2026\/04\/gqa-certificate-lvl1.jpg 1236w\" sizes=\"auto, (max-width: 564px) 100vw, 564px\" \/>\t\t\t\t\t\t\t\t\t\t\t\t\t\t\t<\/div>\n\t\t\t\t<\/div>\n\t\t\t\t\t<\/div>\n\t\t\t\t<\/div>\n\t\t\t\t<\/div>","protected":false},"excerpt":{"rendered":"<p>Complete Package CSCS Green Card The CSCS Green Card is the first step to starting a career in construction in<\/p>","protected":false},"author":1,"featured_media":0,"parent":0,"menu_order":0,"comment_status":"closed","ping_status":"closed","template":"","meta":{"footnotes":""},"class_list":["post-2803","page","type-page","status-publish","hentry"],"_links":{"self":[{"href":"https:\/\/dancontracting.uk\/ro\/wp-json\/wp\/v2\/pages\/2803","targetHints":{"allow":["GET"]}}],"collection":[{"href":"https:\/\/dancontracting.uk\/ro\/wp-json\/wp\/v2\/pages"}],"about":[{"href":"https:\/\/dancontracting.uk\/ro\/wp-json\/wp\/v2\/types\/page"}],"author":[{"embeddable":true,"href":"https:\/\/dancontracting.uk\/ro\/wp-json\/wp\/v2\/users\/1"}],"replies":[{"embeddable":true,"href":"https:\/\/dancontracting.uk\/ro\/wp-json\/wp\/v2\/comments?post=2803"}],"version-history":[{"count":26,"href":"https:\/\/dancontracting.uk\/ro\/wp-json\/wp\/v2\/pages\/2803\/revisions"}],"predecessor-version":[{"id":2907,"href":"https:\/\/dancontracting.uk\/ro\/wp-json\/wp\/v2\/pages\/2803\/revisions\/2907"}],"wp:attachment":[{"href":"https:\/\/dancontracting.uk\/ro\/wp-json\/wp\/v2\/media?parent=2803"}],"curies":[{"name":"wp","href":"https:\/\/api.w.org\/{rel}","templated":true}]}}