{"id":2805,"date":"2026-04-30T11:16:55","date_gmt":"2026-04-30T10:16:55","guid":{"rendered":"https:\/\/dancontracting.uk\/?page_id=2805"},"modified":"2026-04-30T12:40:48","modified_gmt":"2026-04-30T11:40:48","slug":"card-albastru-cscs-nvq-nivel-2","status":"publish","type":"page","link":"https:\/\/dancontracting.uk\/ro\/card-albastru-cscs-nvq-nivel-2\/","title":{"rendered":"Card albastru CSCS (NVQ Nivel 2)"},"content":{"rendered":"<div data-elementor-type=\"wp-page\" data-elementor-id=\"2805\" class=\"elementor elementor-2805\" data-elementor-post-type=\"page\">\n\t\t\t\t<div class=\"wd-negative-gap elementor-element elementor-element-90a6648 e-flex e-con-boxed e-con e-parent\" data-id=\"90a6648\" data-element_type=\"container\" data-e-type=\"container\">\n\t\t\t\t\t<div class=\"e-con-inner\">\n\t\t\t\t<div class=\"elementor-element elementor-element-6c49ed6 wd-width-100 elementor-widget elementor-widget-wd_title\" data-id=\"6c49ed6\" data-element_type=\"widget\" data-e-type=\"widget\" data-widget_type=\"wd_title.default\">\n\t\t\t\t<div class=\"elementor-widget-container\">\n\t\t\t\t\t\t\t<div class=\"title-wrapper wd-set-mb reset-last-child wd-title-color-default wd-title-style-default wd-title-size-default text-center\">\n\n\t\t\t\t\t\t\t\t\t\t\t<div class=\"title-subtitle subtitle-color-default subtitle-style-default wd-fontsize-xs\">\n\t\t\t\t\tNVQ Nivelul 2\t\t\t\t<\/div>\n\t\t\t\n\t\t\t<div class=\"liner-continer\">\n\t\t\t\t<h3 class=\"woodmart-title-container title wd-fontsize-l\">Card Albastru CSCS<\/h3> \n\t\t\t\t\t\t\t<\/div>\n\n\t\t\t\t\t<\/div>\n\t\t\t\t\t\t<\/div>\n\t\t\t\t<\/div>\n\t\t\t\t\t<\/div>\n\t\t\t\t<\/div>\n\t\t<div class=\"wd-negative-gap elementor-element elementor-element-8935b18 e-flex e-con-boxed e-con e-parent\" data-id=\"8935b18\" data-element_type=\"container\" data-e-type=\"container\">\n\t\t\t\t\t<div class=\"e-con-inner\">\n\t\t<div class=\"elementor-element elementor-element-9a929d9 e-con-full e-flex e-con e-child\" data-id=\"9a929d9\" data-element_type=\"container\" data-e-type=\"container\">\n\t\t\t\t<div class=\"elementor-element elementor-element-0400aa2 elementor-widget elementor-widget-wd_text_block\" data-id=\"0400aa2\" data-element_type=\"widget\" data-e-type=\"widget\" data-widget_type=\"wd_text_block.default\">\n\t\t\t\t<div class=\"elementor-widget-container\">\n\t\t\t\t\t\t\t<div class=\"wd-text-block reset-last-child text-left\">\n\t\t\t\n\t\t\t<p>Acest <strong>Card albastru CSCS (NVQ Nivel 2)<\/strong> este conceput pentru lucr\u0103torii care au deja experien\u021b\u0103 \u00een construc\u021bii \u0219i doresc s\u0103 \u00ee\u0219i dovedeasc\u0103 abilit\u0103\u021bile la un nivel calificat. Acesta v\u0103 confirm\u0103 competen\u021ba \u0219i v\u0103 permite s\u0103 accesa\u021bi roluri mai avansate pe \u0219antier.<\/p><p><strong>\u2714\ufe0f Ce este inclus:<\/strong><\/p><ul><li><strong>Prezen\u021ba ini\u021bial\u0103 pentru testul de s\u0103n\u0103tate \u0219i securitate<\/strong><br \/>Va trebui s\u0103 participa\u021bi personal pentru a finaliza testul necesar.<\/li><li><strong>Procesul de calificare NVQ Nivel 2<\/strong><br \/>Experien\u021ba \u0219i abilit\u0103\u021bile dumneavoastr\u0103 practice vor fi evaluate pentru ob\u021binerea calific\u0103rii.<\/li><\/ul><p><strong>Card albastru CSCS + Certificat<\/strong><br \/>Dup\u0103 finalizare, vi se vor elibera at\u00e2t diploma, c\u00e2t \u0219i cardul CSCS.<\/p>\n\t\t\t\t\t<\/div>\n\t\t\t\t\t\t<\/div>\n\t\t\t\t<\/div>\n\t\t\t\t<\/div>\n\t\t<div class=\"elementor-element elementor-element-b8d3716 e-con-full e-flex e-con e-child\" data-id=\"b8d3716\" data-element_type=\"container\" data-e-type=\"container\">\n\t\t\t\t<div class=\"elementor-element elementor-element-5cfbffd elementor-widget elementor-widget-image\" data-id=\"5cfbffd\" data-element_type=\"widget\" data-e-type=\"widget\" data-widget_type=\"image.default\">\n\t\t\t\t\t\t\t\t\t\t\t\t\t\t\t<img loading=\"lazy\" decoding=\"async\" width=\"1235\" height=\"800\" src=\"https:\/\/dancontracting.uk\/wp-content\/uploads\/2025\/10\/blue-card-1235x800.jpg\" class=\"attachment-large size-large wp-image-1468\" alt=\"\" srcset=\"https:\/\/dancontracting.uk\/wp-content\/uploads\/2025\/10\/blue-card-1235x800.jpg 1235w, https:\/\/dancontracting.uk\/wp-content\/uploads\/2025\/10\/blue-card-430x279.jpg 430w, https:\/\/dancontracting.uk\/wp-content\/uploads\/2025\/10\/blue-card-150x97.jpg 150w, https:\/\/dancontracting.uk\/wp-content\/uploads\/2025\/10\/blue-card-700x454.jpg 700w, https:\/\/dancontracting.uk\/wp-content\/uploads\/2025\/10\/blue-card-400x259.jpg 400w, https:\/\/dancontracting.uk\/wp-content\/uploads\/2025\/10\/blue-card-768x498.jpg 768w, https:\/\/dancontracting.uk\/wp-content\/uploads\/2025\/10\/blue-card-1536x995.jpg 1536w, https:\/\/dancontracting.uk\/wp-content\/uploads\/2025\/10\/blue-card-250x162.jpg 250w, https:\/\/dancontracting.uk\/wp-content\/uploads\/2025\/10\/blue-card-300x194.jpg 300w, https:\/\/dancontracting.uk\/wp-content\/uploads\/2025\/10\/blue-card.jpg 1980w\" sizes=\"auto, (max-width: 1235px) 100vw, 1235px\" \/>\t\t\t\t\t\t\t\t\t\t\t\t\t\t\t<\/div>\n\t\t\t\t<\/div>\n\t\t\t\t\t<\/div>\n\t\t\t\t<\/div>\n\t\t<div class=\"wd-negative-gap elementor-element elementor-element-1c2fc77 e-flex e-con-boxed e-con e-parent\" data-id=\"1c2fc77\" data-element_type=\"container\" data-e-type=\"container\">\n\t\t\t\t\t<div class=\"e-con-inner\">\n\t\t<div class=\"elementor-element elementor-element-39b6f17 e-con-full e-flex e-con e-child\" data-id=\"39b6f17\" data-element_type=\"container\" data-e-type=\"container\">\n\t\t\t\t<div class=\"elementor-element elementor-element-cebd0ba elementor-widget elementor-widget-wd_text_block\" data-id=\"cebd0ba\" data-element_type=\"widget\" data-e-type=\"widget\" data-widget_type=\"wd_text_block.default\">\n\t\t\t\t<div class=\"elementor-widget-container\">\n\t\t\t\t\t\t\t<div class=\"wd-text-block reset-last-child text-left\">\n\t\t\t\n\t\t\t<p><strong>\ud83d\udcb3 Plat\u0103:<\/strong><\/p><ul><li><strong>Plat\u0103 \u00een avans 60%<\/strong><\/li><li><strong>Soldul 40% pl\u0103tit la sf\u00e2r\u0219it<\/strong><\/li><\/ul><p><strong>\u23f1\ufe0f Timp de procesare:<\/strong><\/p><ul><li>Diploma \u0219i cardul CSCS sunt emise \u00een termen de <strong>1 p\u00e2n\u0103 la 4 s\u0103pt\u0103m\u00e2ni<\/strong><\/li><\/ul><p><strong>\ud83d\udce6 Important:<\/strong><\/p><p>Acest card este ideal pentru cei care lucreaz\u0103 deja \u00een construc\u021bii \u0219i doresc <strong>\u00ee\u0219i \u00eembun\u0103t\u0103\u021besc statutul \u0219i oportunit\u0103\u021bile<\/strong> pe \u0219antier.<\/p><p><strong>\ud83d\udd25 Avantaj:<\/strong><\/p><p>O modalitate rapid\u0103 \u0219i structurat\u0103 de a ob\u021bine o calificare recunoscut\u0103 \u0219i de a trece la nivelul urm\u0103tor \u00een cariera ta \u00een construc\u021bii.<\/p>\n\t\t\t\t\t<\/div>\n\t\t\t\t\t\t<\/div>\n\t\t\t\t<\/div>\n\t\t\t\t<div class=\"elementor-element elementor-element-01009d4 elementor-widget elementor-widget-wd_text_block\" data-id=\"01009d4\" data-element_type=\"widget\" data-e-type=\"widget\" data-widget_type=\"wd_text_block.default\">\n\t\t\t\t<div class=\"elementor-widget-container\">\n\t\t\t\t\t\t\t<div class=\"wd-text-block reset-last-child text-left\">\n\t\t\t\n\t\t\t<h5>Lucrezi deja \u00een construc\u021bii?<br data-start=\"485\" data-end=\"488\" \/>\u00cembun\u0103t\u0103\u021be\u0219te-\u021bi abilit\u0103\u021bile \u0219i ob\u021bine Cardul Albastru CSCS cu calificarea noastr\u0103 NVQ Nivelul 2. Proces rapid, asisten\u021b\u0103 complet\u0103 \u0219i evaluare flexibil\u0103 \u00een timp ce lucrezi.<\/h5>\n\t\t\t\t\t<\/div>\n\t\t\t\t\t\t<\/div>\n\t\t\t\t<\/div>\n\t\t\t\t<div class=\"elementor-element elementor-element-2853a38 elementor-invisible elementor-widget elementor-widget-wd_button\" data-id=\"2853a38\" data-element_type=\"widget\" data-e-type=\"widget\" data-settings=\"{&quot;_animation&quot;:&quot;zoomIn&quot;,&quot;_animation_delay&quot;:100}\" data-widget_type=\"wd_button.default\">\n\t\t\t\t<div class=\"elementor-widget-container\">\n\t\t\t\t\t\t\t<div class=\"wd-button-wrapper text-left\" >\n\t\t\t<a class=\"btn btn-style-default btn-shape-rectangle btn-size-extra-large btn-color-primary btn-full-width btn-icon-pos-left\"  href=\"https:\/\/dancontracting.uk\/ro\/cursuri-cscs-nvq-in-londra-birmingham-manchester-northampton-rezerva-acum-si-obtine-certificarea\/\">\n\t\t\t\t<span class=\"wd-btn-text\" data-elementor-setting-key=\"text\">\n\t\t\t\t\tAplic\u0103 acum \u0219i rezerv\u0103-\u021bi locul\t\t\t\t<\/span>\n\n\t\t\t\t\t\t\t\t\t<span class=\"wd-btn-icon\">\n\t\t\t\t\t\t<svg class=\"wd-icon e-font-icon-svg e-far-check-circle\" viewbox=\"0 0 512 512\" xmlns=\"http:\/\/www.w3.org\/2000\/svg\"><path d=\"M256 8C119.033 8 8 119.033 8 256s111.033 248 248 248 248-111.033 248-248S392.967 8 256 8zm0 48c110.532 0 200 89.451 200 200 0 110.532-89.451 200-200 200-110.532 0-200-89.451-200-200 0-110.532 89.451-200 200-200m140.204 130.267l-22.536-22.718c-4.667-4.705-12.265-4.736-16.97-.068L215.346 303.697l-59.792-60.277c-4.667-4.705-12.265-4.736-16.97-.069l-22.719 22.536c-4.705 4.667-4.736 12.265-.068 16.971l90.781 91.516c4.667 4.705 12.265 4.736 16.97.068l172.589-171.204c4.704-4.668 4.734-12.266.067-16.971z\"><\/path><\/svg>\t\t\t\t\t<\/span>\n\t\t\t\t\t\t\t<\/a>\n\t\t<\/div>\n\t\t\t\t\t\t<\/div>\n\t\t\t\t<\/div>\n\t\t\t\t<\/div>\n\t\t<div class=\"elementor-element elementor-element-b989a67 e-con-full e-flex e-con e-child\" data-id=\"b989a67\" data-element_type=\"container\" data-e-type=\"container\">\n\t\t\t\t<div class=\"elementor-element elementor-element-e0c28e2 elementor-widget elementor-widget-image\" data-id=\"e0c28e2\" data-element_type=\"widget\" data-e-type=\"widget\" data-widget_type=\"image.default\">\n\t\t\t\t\t\t\t\t\t\t\t\t\t\t\t<img loading=\"lazy\" decoding=\"async\" width=\"563\" height=\"800\" src=\"https:\/\/dancontracting.uk\/wp-content\/uploads\/2026\/04\/gqa-certificate-lvl2-563x800.jpg\" class=\"attachment-large size-large wp-image-2832\" alt=\"\" srcset=\"https:\/\/dancontracting.uk\/wp-content\/uploads\/2026\/04\/gqa-certificate-lvl2-563x800.jpg 563w, https:\/\/dancontracting.uk\/wp-content\/uploads\/2026\/04\/gqa-certificate-lvl2-211x300.jpg 211w, https:\/\/dancontracting.uk\/wp-content\/uploads\/2026\/04\/gqa-certificate-lvl2-768x1090.jpg 768w, https:\/\/dancontracting.uk\/wp-content\/uploads\/2026\/04\/gqa-certificate-lvl2-1082x1536.jpg 1082w, https:\/\/dancontracting.uk\/wp-content\/uploads\/2026\/04\/gqa-certificate-lvl2-8x12.jpg 8w, https:\/\/dancontracting.uk\/wp-content\/uploads\/2026\/04\/gqa-certificate-lvl2.jpg 1236w\" sizes=\"auto, (max-width: 563px) 100vw, 563px\" \/>\t\t\t\t\t\t\t\t\t\t\t\t\t\t\t<\/div>\n\t\t\t\t<\/div>\n\t\t\t\t\t<\/div>\n\t\t\t\t<\/div>\n\t\t\t\t<\/div>","protected":false},"excerpt":{"rendered":"<p>NVQ Level 2 CSCS Blue Card The CSCS Blue Card (NVQ Level 2) is designed for workers who already have<\/p>","protected":false},"author":1,"featured_media":0,"parent":0,"menu_order":0,"comment_status":"closed","ping_status":"closed","template":"","meta":{"footnotes":""},"class_list":["post-2805","page","type-page","status-publish","hentry"],"_links":{"self":[{"href":"https:\/\/dancontracting.uk\/ro\/wp-json\/wp\/v2\/pages\/2805","targetHints":{"allow":["GET"]}}],"collection":[{"href":"https:\/\/dancontracting.uk\/ro\/wp-json\/wp\/v2\/pages"}],"about":[{"href":"https:\/\/dancontracting.uk\/ro\/wp-json\/wp\/v2\/types\/page"}],"author":[{"embeddable":true,"href":"https:\/\/dancontracting.uk\/ro\/wp-json\/wp\/v2\/users\/1"}],"replies":[{"embeddable":true,"href":"https:\/\/dancontracting.uk\/ro\/wp-json\/wp\/v2\/comments?post=2805"}],"version-history":[{"count":22,"href":"https:\/\/dancontracting.uk\/ro\/wp-json\/wp\/v2\/pages\/2805\/revisions"}],"predecessor-version":[{"id":2899,"href":"https:\/\/dancontracting.uk\/ro\/wp-json\/wp\/v2\/pages\/2805\/revisions\/2899"}],"wp:attachment":[{"href":"https:\/\/dancontracting.uk\/ro\/wp-json\/wp\/v2\/media?parent=2805"}],"curies":[{"name":"wp","href":"https:\/\/api.w.org\/{rel}","templated":true}]}}