{"id":2807,"date":"2026-04-30T11:17:21","date_gmt":"2026-04-30T10:17:21","guid":{"rendered":"https:\/\/dancontracting.uk\/?page_id=2807"},"modified":"2026-04-30T12:42:49","modified_gmt":"2026-04-30T11:42:49","slug":"card-de-aur-cscs-nvq-nivel-3-nivel-4","status":"publish","type":"page","link":"https:\/\/dancontracting.uk\/ro\/card-de-aur-cscs-nvq-nivel-3-nivel-4\/","title":{"rendered":"CSCS Gold Card (NVQ Level 3 \/ Level 4)"},"content":{"rendered":"<div data-elementor-type=\"wp-page\" data-elementor-id=\"2807\" class=\"elementor elementor-2807\" data-elementor-post-type=\"page\">\n\t\t\t\t<div class=\"wd-negative-gap elementor-element elementor-element-c8eb1bf e-flex e-con-boxed e-con e-parent\" data-id=\"c8eb1bf\" data-element_type=\"container\" data-e-type=\"container\">\n\t\t\t\t\t<div class=\"e-con-inner\">\n\t\t\t\t<div class=\"elementor-element elementor-element-c883bc1 wd-width-100 elementor-widget elementor-widget-wd_title\" data-id=\"c883bc1\" data-element_type=\"widget\" data-e-type=\"widget\" data-widget_type=\"wd_title.default\">\n\t\t\t\t<div class=\"elementor-widget-container\">\n\t\t\t\t\t\t\t<div class=\"title-wrapper wd-set-mb reset-last-child wd-title-color-default wd-title-style-default wd-title-size-default text-center\">\n\n\t\t\t\t\t\t\t\t\t\t\t<div class=\"title-subtitle subtitle-color-default subtitle-style-default wd-fontsize-xs\">\n\t\t\t\t\tNVQ Nivelul 3 \/ Nivelul 4\t\t\t\t<\/div>\n\t\t\t\n\t\t\t<div class=\"liner-continer\">\n\t\t\t\t<h3 class=\"woodmart-title-container title wd-fontsize-l\">Card Auriu CSCS<\/h3> \n\t\t\t\t\t\t\t<\/div>\n\n\t\t\t\t\t<\/div>\n\t\t\t\t\t\t<\/div>\n\t\t\t\t<\/div>\n\t\t\t\t\t<\/div>\n\t\t\t\t<\/div>\n\t\t<div class=\"wd-negative-gap elementor-element elementor-element-5f8d7e5 e-flex e-con-boxed e-con e-parent\" data-id=\"5f8d7e5\" data-element_type=\"container\" data-e-type=\"container\">\n\t\t\t\t\t<div class=\"e-con-inner\">\n\t\t<div class=\"elementor-element elementor-element-8e47b0d e-con-full e-flex e-con e-child\" data-id=\"8e47b0d\" data-element_type=\"container\" data-e-type=\"container\">\n\t\t\t\t<div class=\"elementor-element elementor-element-cecc94b elementor-widget elementor-widget-wd_text_block\" data-id=\"cecc94b\" data-element_type=\"widget\" data-e-type=\"widget\" data-widget_type=\"wd_text_block.default\">\n\t\t\t\t<div class=\"elementor-widget-container\">\n\t\t\t\t\t\t\t<div class=\"wd-text-block reset-last-child text-left\">\n\t\t\t\n\t\t\t<p>Acest <strong>Card Auriu CSCS (NVQ Nivel 3\/4)<\/strong> este conceput pentru muncitori califica\u021bi, supraveghetori \u0219i meseria\u0219i avansa\u021bi din industria construc\u021biilor. Dovede\u0219te un nivel mai ridicat de experien\u021b\u0103, responsabilitate \u0219i competen\u021b\u0103 profesional\u0103 pe \u0219antier.<\/p><p><strong>\u2714\ufe0f Ce este inclus:<\/strong><\/p><ul><li><strong>Prezen\u021ba ini\u021bial\u0103 pentru testul de s\u0103n\u0103tate \u0219i securitate<\/strong><br \/>Va trebui s\u0103 participa\u021bi personal pentru a finaliza testul necesar.<\/li><li><strong>Procesul de calificare NVQ Nivel 3 \/ Nivel 4<\/strong><br \/>Abilit\u0103\u021bile, experien\u021ba \u0219i responsabilit\u0103\u021bile dumneavoastr\u0103 la fa\u021ba locului vor fi evaluate pentru ob\u021binerea calific\u0103rii.<\/li><li><strong>Card Auriu CSCS + Certificat<\/strong><br \/>Dup\u0103 finalizare, vi se vor elibera diploma \u0219i cardul CSCS.<\/li><\/ul>\n\t\t\t\t\t<\/div>\n\t\t\t\t\t\t<\/div>\n\t\t\t\t<\/div>\n\t\t\t\t<\/div>\n\t\t<div class=\"elementor-element elementor-element-07dd257 e-con-full e-flex e-con e-child\" data-id=\"07dd257\" data-element_type=\"container\" data-e-type=\"container\">\n\t\t\t\t<div class=\"elementor-element elementor-element-2e6da61 elementor-widget elementor-widget-image\" data-id=\"2e6da61\" data-element_type=\"widget\" data-e-type=\"widget\" data-widget_type=\"image.default\">\n\t\t\t\t\t\t\t\t\t\t\t\t\t\t\t<img loading=\"lazy\" decoding=\"async\" width=\"1235\" height=\"800\" src=\"https:\/\/dancontracting.uk\/wp-content\/uploads\/2025\/10\/gold-card-1235x800.jpg\" class=\"attachment-large size-large wp-image-1469\" alt=\"\" srcset=\"https:\/\/dancontracting.uk\/wp-content\/uploads\/2025\/10\/gold-card-1235x800.jpg 1235w, https:\/\/dancontracting.uk\/wp-content\/uploads\/2025\/10\/gold-card-430x279.jpg 430w, https:\/\/dancontracting.uk\/wp-content\/uploads\/2025\/10\/gold-card-150x97.jpg 150w, https:\/\/dancontracting.uk\/wp-content\/uploads\/2025\/10\/gold-card-700x454.jpg 700w, https:\/\/dancontracting.uk\/wp-content\/uploads\/2025\/10\/gold-card-400x259.jpg 400w, https:\/\/dancontracting.uk\/wp-content\/uploads\/2025\/10\/gold-card-768x498.jpg 768w, https:\/\/dancontracting.uk\/wp-content\/uploads\/2025\/10\/gold-card-1536x995.jpg 1536w, https:\/\/dancontracting.uk\/wp-content\/uploads\/2025\/10\/gold-card-250x162.jpg 250w, https:\/\/dancontracting.uk\/wp-content\/uploads\/2025\/10\/gold-card-300x194.jpg 300w, https:\/\/dancontracting.uk\/wp-content\/uploads\/2025\/10\/gold-card.jpg 1980w\" sizes=\"auto, (max-width: 1235px) 100vw, 1235px\" \/>\t\t\t\t\t\t\t\t\t\t\t\t\t\t\t<\/div>\n\t\t\t\t<\/div>\n\t\t\t\t\t<\/div>\n\t\t\t\t<\/div>\n\t\t<div class=\"wd-negative-gap elementor-element elementor-element-dc33062 e-flex e-con-boxed e-con e-parent\" data-id=\"dc33062\" data-element_type=\"container\" data-e-type=\"container\">\n\t\t\t\t\t<div class=\"e-con-inner\">\n\t\t<div class=\"elementor-element elementor-element-0df211d e-con-full e-flex e-con e-child\" data-id=\"0df211d\" data-element_type=\"container\" data-e-type=\"container\">\n\t\t\t\t<div class=\"elementor-element elementor-element-1d2737d elementor-widget elementor-widget-wd_text_block\" data-id=\"1d2737d\" data-element_type=\"widget\" data-e-type=\"widget\" data-widget_type=\"wd_text_block.default\">\n\t\t\t\t<div class=\"elementor-widget-container\">\n\t\t\t\t\t\t\t<div class=\"wd-text-block reset-last-child text-left\">\n\t\t\t\n\t\t\t<p><strong>\ud83d\udcb3 Plat\u0103:<\/strong><\/p><ul><li><strong>Plat\u0103 \u00een avans 60%<\/strong><\/li><li><strong>Soldul 40% pl\u0103tit la sf\u00e2r\u0219it<\/strong><\/li><\/ul><p><strong>\u23f1\ufe0f Timp de procesare:<\/strong><\/p><ul><li>Diploma \u0219i cardul CSCS sunt emise \u00een termen de <strong>3 p\u00e2n\u0103 la 6 s\u0103pt\u0103m\u00e2ni<\/strong><\/li><\/ul><p><strong>\ud83d\udce6 Important:<\/strong><\/p><p>Acest card este ideal pentru lucr\u0103torii cu experien\u021b\u0103 \u0219i supraveghetorii care doresc s\u0103 <strong>trecerea la roluri de nivel superior<\/strong> \u0219i s\u0103 \u00ee\u0219i sporeasc\u0103 oportunit\u0103\u021bile de carier\u0103.<\/p><p><strong>\ud83d\udd25 Avantaj:<\/strong><\/p><p>O actualizare profesional\u0103 puternic\u0103 care v\u0103 ajut\u0103 s\u0103 accesa\u021bi <strong>pozi\u021bii mai bune, salarii mai mari \u0219i mai multe responsabilit\u0103\u021bi<\/strong> pe \u0219antier.<\/p>\n\t\t\t\t\t<\/div>\n\t\t\t\t\t\t<\/div>\n\t\t\t\t<\/div>\n\t\t\t\t<div class=\"elementor-element elementor-element-1e2c137 elementor-widget elementor-widget-wd_text_block\" data-id=\"1e2c137\" data-element_type=\"widget\" data-e-type=\"widget\" data-widget_type=\"wd_text_block.default\">\n\t\t\t\t<div class=\"elementor-widget-container\">\n\t\t\t\t\t\t\t<div class=\"wd-text-block reset-last-child text-left\">\n\t\t\t\n\t\t\t<h5>Du-\u021bi cariera la nivelul urm\u0103tor.<br data-start=\"746\" data-end=\"749\" \/>Cu Cardul Auriu CSCS, \u00ee\u021bi dovede\u0219ti abilit\u0103\u021bile avansate \u0219i profesionalismul. Te ghid\u0103m prin procesul NVQ Nivelul 3\/4 de la \u00eenceput p\u00e2n\u0103 la sf\u00e2r\u0219it.<\/h5>\n\t\t\t\t\t<\/div>\n\t\t\t\t\t\t<\/div>\n\t\t\t\t<\/div>\n\t\t\t\t<div class=\"elementor-element elementor-element-e9ae06b elementor-invisible elementor-widget elementor-widget-wd_button\" data-id=\"e9ae06b\" data-element_type=\"widget\" data-e-type=\"widget\" data-settings=\"{&quot;_animation&quot;:&quot;zoomIn&quot;,&quot;_animation_delay&quot;:100}\" data-widget_type=\"wd_button.default\">\n\t\t\t\t<div class=\"elementor-widget-container\">\n\t\t\t\t\t\t\t<div class=\"wd-button-wrapper text-left\" >\n\t\t\t<a class=\"btn btn-style-default btn-shape-rectangle btn-size-extra-large btn-color-primary btn-full-width btn-icon-pos-left\"  href=\"https:\/\/dancontracting.uk\/ro\/cursuri-cscs-nvq-in-londra-birmingham-manchester-northampton-rezerva-acum-si-obtine-certificarea\/\">\n\t\t\t\t<span class=\"wd-btn-text\" data-elementor-setting-key=\"text\">\n\t\t\t\t\tAplic\u0103 acum \u0219i rezerv\u0103-\u021bi locul\t\t\t\t<\/span>\n\n\t\t\t\t\t\t\t\t\t<span class=\"wd-btn-icon\">\n\t\t\t\t\t\t<svg class=\"wd-icon e-font-icon-svg e-far-check-circle\" viewbox=\"0 0 512 512\" xmlns=\"http:\/\/www.w3.org\/2000\/svg\"><path d=\"M256 8C119.033 8 8 119.033 8 256s111.033 248 248 248 248-111.033 248-248S392.967 8 256 8zm0 48c110.532 0 200 89.451 200 200 0 110.532-89.451 200-200 200-110.532 0-200-89.451-200-200 0-110.532 89.451-200 200-200m140.204 130.267l-22.536-22.718c-4.667-4.705-12.265-4.736-16.97-.068L215.346 303.697l-59.792-60.277c-4.667-4.705-12.265-4.736-16.97-.069l-22.719 22.536c-4.705 4.667-4.736 12.265-.068 16.971l90.781 91.516c4.667 4.705 12.265 4.736 16.97.068l172.589-171.204c4.704-4.668 4.734-12.266.067-16.971z\"><\/path><\/svg>\t\t\t\t\t<\/span>\n\t\t\t\t\t\t\t<\/a>\n\t\t<\/div>\n\t\t\t\t\t\t<\/div>\n\t\t\t\t<\/div>\n\t\t\t\t<\/div>\n\t\t<div class=\"elementor-element elementor-element-e568df4 e-con-full e-flex e-con e-child\" data-id=\"e568df4\" data-element_type=\"container\" data-e-type=\"container\">\n\t\t\t\t<div class=\"elementor-element elementor-element-b684db9 elementor-widget elementor-widget-image\" data-id=\"b684db9\" data-element_type=\"widget\" data-e-type=\"widget\" data-widget_type=\"image.default\">\n\t\t\t\t\t\t\t\t\t\t\t\t\t\t\t<img loading=\"lazy\" decoding=\"async\" width=\"563\" height=\"800\" src=\"https:\/\/dancontracting.uk\/wp-content\/uploads\/2026\/04\/gqa-certificate-lvl2-563x800.jpg\" class=\"attachment-large size-large wp-image-2832\" alt=\"\" srcset=\"https:\/\/dancontracting.uk\/wp-content\/uploads\/2026\/04\/gqa-certificate-lvl2-563x800.jpg 563w, https:\/\/dancontracting.uk\/wp-content\/uploads\/2026\/04\/gqa-certificate-lvl2-211x300.jpg 211w, https:\/\/dancontracting.uk\/wp-content\/uploads\/2026\/04\/gqa-certificate-lvl2-768x1090.jpg 768w, https:\/\/dancontracting.uk\/wp-content\/uploads\/2026\/04\/gqa-certificate-lvl2-1082x1536.jpg 1082w, https:\/\/dancontracting.uk\/wp-content\/uploads\/2026\/04\/gqa-certificate-lvl2-8x12.jpg 8w, https:\/\/dancontracting.uk\/wp-content\/uploads\/2026\/04\/gqa-certificate-lvl2.jpg 1236w\" sizes=\"auto, (max-width: 563px) 100vw, 563px\" \/>\t\t\t\t\t\t\t\t\t\t\t\t\t\t\t<\/div>\n\t\t\t\t<\/div>\n\t\t\t\t\t<\/div>\n\t\t\t\t<\/div>\n\t\t\t\t<\/div>","protected":false},"excerpt":{"rendered":"<p>NVQ Level 3 \/ Level 4 CSCS Gold Card The CSCS Gold Card (NVQ Level 3\/4) is designed for skilled<\/p>","protected":false},"author":1,"featured_media":0,"parent":0,"menu_order":0,"comment_status":"closed","ping_status":"closed","template":"","meta":{"footnotes":""},"class_list":["post-2807","page","type-page","status-publish","hentry"],"_links":{"self":[{"href":"https:\/\/dancontracting.uk\/ro\/wp-json\/wp\/v2\/pages\/2807","targetHints":{"allow":["GET"]}}],"collection":[{"href":"https:\/\/dancontracting.uk\/ro\/wp-json\/wp\/v2\/pages"}],"about":[{"href":"https:\/\/dancontracting.uk\/ro\/wp-json\/wp\/v2\/types\/page"}],"author":[{"embeddable":true,"href":"https:\/\/dancontracting.uk\/ro\/wp-json\/wp\/v2\/users\/1"}],"replies":[{"embeddable":true,"href":"https:\/\/dancontracting.uk\/ro\/wp-json\/wp\/v2\/comments?post=2807"}],"version-history":[{"count":13,"href":"https:\/\/dancontracting.uk\/ro\/wp-json\/wp\/v2\/pages\/2807\/revisions"}],"predecessor-version":[{"id":2902,"href":"https:\/\/dancontracting.uk\/ro\/wp-json\/wp\/v2\/pages\/2807\/revisions\/2902"}],"wp:attachment":[{"href":"https:\/\/dancontracting.uk\/ro\/wp-json\/wp\/v2\/media?parent=2807"}],"curies":[{"name":"wp","href":"https:\/\/api.w.org\/{rel}","templated":true}]}}